{"id":2369,"date":"2022-01-22T20:36:42","date_gmt":"2022-01-22T19:36:42","guid":{"rendered":"https:\/\/escuela.arcaoccidente.com\/contact-us\/"},"modified":"2022-01-26T19:47:52","modified_gmt":"2022-01-26T18:47:52","slug":"contact-us","status":"publish","type":"page","link":"https:\/\/escuela.arcaoccidente.com\/en\/contact-us\/","title":{"rendered":"Contact Us"},"content":{"rendered":"<div class=\"wpb-content-wrapper\"><p>[vc_row padding_size=&#8221;l-padding&#8221; background_color=&#8221;#f5f5f5&#8243;][vc_column][wyde_heading title=&#8221;Contact Us&#8221; style=&#8221;6&#8243;][vc_empty_space height=&#8221;20px&#8221;][vc_custom_heading text=&#8221;We are here to answer any questions you may have.<br \/>\nFill in this form and we will contact you as soon as possible.&#8221; font_container=&#8221;tag:p|font_size:24px|text_align:center|color:%23999999|line_height:36px&#8221; google_fonts=&#8221;font_family:Lato%3A100%2C100italic%2C300%2C300italic%2Cregular%2Citalic%2C700%2C700italic%2C900%2C900italic|font_style:300%20light%20regular%3A300%3Anormal&#8221; css=&#8221;.vc_custom_1642758999677{padding-right: 15% !important;padding-left: 15% !important;}&#8221;][vc_empty_space height=&#8221;20px&#8221;][\/vc_column][vc_column width=&#8221;1\/3&#8243;][wyde_info_box title=&#8221;Address&#8221; icon_set=&#8221;typicons&#8221; icon_typicons=&#8221;typcn typcn-location-outline&#8221; icon_size=&#8221;medium&#8221; color=&#8221;#376b67&#8243;]Ant\u00f3n Paz M\u00edguez 7, 15940, Pobra do Carami\u00f1al, A Coru\u00f1a, Spain[\/wyde_info_box][\/vc_column][vc_column width=&#8221;1\/3&#8243;][wyde_info_box title=&#8221;Tlf\/Whatsapp&#8221; icon_set=&#8221;typicons&#8221; icon_typicons=&#8221;typcn typcn-phone-outline&#8221; icon_size=&#8221;medium&#8221; color=&#8221;#376b67&#8243;]+34 676899519[\/wyde_info_box][\/vc_column][vc_column width=&#8221;1\/3&#8243;][wyde_info_box title=&#8221;E-mail&#8221; icon_set=&#8221;typicons&#8221; icon_typicons=&#8221;typcn typcn-mail&#8221; icon_size=&#8221;medium&#8221; color=&#8221;#376b67&#8243;]escuela@arcaoccidente.com[\/wyde_info_box][\/vc_column][\/vc_row][vc_row row_style=&#8221;full-width&#8221; vertical_align=&#8221;middle&#8221; padding_size=&#8221;no-padding&#8221;][vc_column padding_size=&#8221;no-padding&#8221; width=&#8221;1\/2&#8243; css=&#8221;.vc_custom_1434701135508{margin-right: 0px !important;margin-left: 0px !important;}&#8221;][vc_raw_html]JTNDaWZyYW1lJTIwc3R5bGUlM0QlMjJib3JkZXIlM0EwJTNCd2lkdGglM0ExMDAlMjUlMjIlMjBsb2FkaW5nJTNEJTIybGF6eSUyMiUyMGFsbG93ZnVsbHNjcmVlbiUyMHNyYyUzRCUyMmh0dHBzJTNBJTJGJTJGd3d3Lmdvb2dsZS5jb20lMkZtYXBzJTJGZW1iZWQlM0ZwYiUzRCUyMTFtMTglMjExbTEyJTIxMW0zJTIxMWQzNzcuODYxMTAyOTgxNTExMjQlMjEyZC04LjkzNzgwNDUyMTY3OTY0MyUyMTNkNDIuNjAxMjg1MTY4MTI0NTYlMjEybTMlMjExZjAlMjEyZjAlMjEzZjAlMjEzbTIlMjExaTEwMjQlMjEyaTc2OCUyMTRmMTMuMSUyMTNtMyUyMTFtMiUyMTFzMHhkMmYzYjAxZGZkMWE5ZmIlMjUzQTB4ZmMwODdjMzMyMjVhYmJhMCUyMTJzUGluY2hlaXJvJTI1MjBBcGFydGFtZW50b3MlMjUyMFR1ciUyNUMzJTI1QURzdGljb3MlMjUyMFNMJTIxNWUwJTIxM20yJTIxMXNlcyUyMTJzZXMlMjE0djE2NDI4Nzg0NjE2NTMlMjE1bTIlMjExc2VzJTIxMnNlcyUyMiUyMHdpZHRoJTNEJTIyNjAwJTIyJTIwaGVpZ2h0JTNEJTIyNDUwJTIyJTIwc3R5bGUlM0QlMjJib3JkZXIlM0EwJTNCJTIyJTIwYWxsb3dmdWxsc2NyZWVuJTNEJTIyJTIyJTIwbG9hZGluZyUzRCUyMmxhenklMjIlM0UlM0MlMkZpZnJhbWUlM0U=[\/vc_raw_html][\/vc_column][vc_column width=&#8221;1\/2&#8243;]\n<div class=\"wpcf7 no-js\" id=\"wpcf7-f5-o1\" lang=\"en-US\" dir=\"ltr\" data-wpcf7-id=\"5\">\n<div class=\"screen-reader-response\"><p role=\"status\" aria-live=\"polite\" aria-atomic=\"true\"><\/p> <ul><\/ul><\/div>\n<form action=\"\/en\/wp-json\/wp\/v2\/pages\/2369#wpcf7-f5-o1\" method=\"post\" class=\"wpcf7-form init\" aria-label=\"Contact form\" novalidate=\"novalidate\" data-status=\"init\">\n<fieldset class=\"hidden-fields-container\"><input type=\"hidden\" name=\"_wpcf7\" value=\"5\" \/><input type=\"hidden\" name=\"_wpcf7_version\" value=\"6.1.5\" \/><input type=\"hidden\" name=\"_wpcf7_locale\" value=\"en_US\" \/><input type=\"hidden\" name=\"_wpcf7_unit_tag\" value=\"wpcf7-f5-o1\" \/><input type=\"hidden\" name=\"_wpcf7_container_post\" value=\"0\" \/><input type=\"hidden\" name=\"_wpcf7_posted_data_hash\" value=\"\" \/>\n<\/fieldset>\n<div class=\"col col-6\">\n\t<p><span class=\"wpcf7-form-control-wrap\" data-name=\"your-name\"><input size=\"40\" maxlength=\"400\" class=\"wpcf7-form-control wpcf7-text wpcf7-validates-as-required\" aria-required=\"true\" aria-invalid=\"false\" placeholder=\"Nombre\/Name *\" value=\"\" type=\"text\" name=\"your-name\" \/><\/span>\n\t<\/p>\n<\/div>\n<div class=\"col col-6\">\n\t<p><span class=\"wpcf7-form-control-wrap\" data-name=\"your-email\"><input size=\"40\" maxlength=\"400\" class=\"wpcf7-form-control wpcf7-email wpcf7-validates-as-required wpcf7-text wpcf7-validates-as-email\" aria-required=\"true\" aria-invalid=\"false\" placeholder=\"Email *\" value=\"\" type=\"email\" name=\"your-email\" \/><\/span>\n\t<\/p>\n<\/div>\n<div class=\"col col-6\">\n\t<p><span class=\"wpcf7-form-control-wrap\" data-name=\"your-tel\"><input size=\"40\" maxlength=\"400\" class=\"wpcf7-form-control wpcf7-tel wpcf7-validates-as-required wpcf7-text wpcf7-validates-as-tel\" aria-required=\"true\" aria-invalid=\"false\" placeholder=\"Tel\u00e9fono\/Phone*\" value=\"\" type=\"tel\" name=\"your-tel\" \/><\/span>\n\t<\/p>\n<\/div>\n<div class=\"col col-6\">\n\t<p><span class=\"wpcf7-form-control-wrap\" data-name=\"your-subject\"><input size=\"40\" maxlength=\"400\" class=\"wpcf7-form-control wpcf7-text wpcf7-validates-as-required\" aria-required=\"true\" aria-invalid=\"false\" placeholder=\"Pa\u00eds\/Country *\" value=\"\" type=\"text\" name=\"your-subject\" \/><\/span>\n\t<\/p>\n<\/div>\n<div class=\"col col-12\">\n\t<p><span class=\"wpcf7-form-control-wrap\" data-name=\"your-message\"><textarea cols=\"40\" rows=\"10\" maxlength=\"2000\" class=\"wpcf7-form-control wpcf7-textarea\" aria-invalid=\"false\" placeholder=\"Mensaje\/Message\" name=\"your-message\"><\/textarea><\/span>\n\t<\/p>\n<\/div>\n<p><span class=\"wpcf7-form-control-wrap\" data-name=\"acceptance-389\"><span class=\"wpcf7-form-control wpcf7-acceptance\"><span class=\"wpcf7-list-item\"><label><input type=\"checkbox\" name=\"acceptance-389\" value=\"1\" aria-invalid=\"false\" \/><span class=\"wpcf7-list-item-label\">Acepto la <a href=\"\/politica-privacidad\">Pol\u00edtica de Privacidad<\/a> \/ I accept the <a href=\"\/en\/privacy-policy\">Privacy Policy<\/a><\/span><\/label><\/span><\/span><\/span>\n<\/p>\n<div class=\"col col-12 text-center\">\n\t<p><input type=\"submit\" value=\"Enviar\/Send\" \/>\n\t<\/p>\n<\/div><div class=\"wpcf7-response-output\" aria-hidden=\"true\"><\/div>\n<\/form>\n<\/div>\n[\/vc_column][\/vc_row]<\/p>\n<\/div>","protected":false},"excerpt":{"rendered":"<p>[vc_row padding_size=&#8221;l-padding&#8221; background_color=&#8221;#f5f5f5&#8243;][vc_column][wyde_heading title=&#8221;Contact Us&#8221; style=&#8221;6&#8243;][vc_empty_space height=&#8221;20px&#8221;][vc_custom_heading text=&#8221;We are here to answer any questions you may have. Fill in this form and we will contact you as soon as possible.&#8221; font_container=&#8221;tag:p|font_size:24px|text_align:center|color:%23999999|line_height:36px&#8221; google_fonts=&#8221;font_family:Lato%3A100%2C100italic%2C300%2C300italic%2Cregular%2Citalic%2C700%2C700italic%2C900%2C900italic|font_style:300%20light%20regular%3A300%3Anormal&#8221; css=&#8221;.vc_custom_1642758999677{padding-right: 15% !important;padding-left: 15% !important;}&#8221;][vc_empty_space height=&#8221;20px&#8221;][\/vc_column][vc_column width=&#8221;1\/3&#8243;][wyde_info_box title=&#8221;Address&#8221; icon_set=&#8221;typicons&#8221; icon_typicons=&#8221;typcn typcn-location-outline&#8221; icon_size=&#8221;medium&#8221; color=&#8221;#376b67&#8243;]Ant\u00f3n Paz M\u00edguez 7, 15940, Pobra do Carami\u00f1al, A Coru\u00f1a, Spain[\/wyde_info_box][\/vc_column][vc_column [&hellip;]<\/p>\n","protected":false},"author":1,"featured_media":0,"parent":0,"menu_order":0,"comment_status":"closed","ping_status":"closed","template":"","meta":{"footnotes":""},"class_list":["post-2369","page","type-page","status-publish","hentry"],"_links":{"self":[{"href":"https:\/\/escuela.arcaoccidente.com\/en\/wp-json\/wp\/v2\/pages\/2369","targetHints":{"allow":["GET"]}}],"collection":[{"href":"https:\/\/escuela.arcaoccidente.com\/en\/wp-json\/wp\/v2\/pages"}],"about":[{"href":"https:\/\/escuela.arcaoccidente.com\/en\/wp-json\/wp\/v2\/types\/page"}],"author":[{"embeddable":true,"href":"https:\/\/escuela.arcaoccidente.com\/en\/wp-json\/wp\/v2\/users\/1"}],"replies":[{"embeddable":true,"href":"https:\/\/escuela.arcaoccidente.com\/en\/wp-json\/wp\/v2\/comments?post=2369"}],"version-history":[{"count":7,"href":"https:\/\/escuela.arcaoccidente.com\/en\/wp-json\/wp\/v2\/pages\/2369\/revisions"}],"predecessor-version":[{"id":2634,"href":"https:\/\/escuela.arcaoccidente.com\/en\/wp-json\/wp\/v2\/pages\/2369\/revisions\/2634"}],"wp:attachment":[{"href":"https:\/\/escuela.arcaoccidente.com\/en\/wp-json\/wp\/v2\/media?parent=2369"}],"curies":[{"name":"wp","href":"https:\/\/api.w.org\/{rel}","templated":true}]}}